{"id":9871,"date":"2023-04-16T17:31:22","date_gmt":"2023-04-16T15:31:22","guid":{"rendered":"http:\/\/museumunicipaldepalleja.cat\/?page_id=9871"},"modified":"2023-04-16T17:45:56","modified_gmt":"2023-04-16T15:45:56","slug":"els-cups-2","status":"publish","type":"page","link":"https:\/\/museumunicipaldepalleja.cat\/index.php\/els-cups-2\/","title":{"rendered":"Els cups"},"content":{"rendered":"<p>Views: 88<\/p>\t\t<div data-elementor-type=\"wp-page\" data-elementor-id=\"9871\" class=\"elementor elementor-9871\">\n\t\t\t\t\t\t<section class=\"elementor-section elementor-top-section elementor-element elementor-element-d1b9952 elementor-section-boxed elementor-section-height-default elementor-section-height-default\" data-id=\"d1b9952\" data-element_type=\"section\" data-e-type=\"section\">\n\t\t\t\t\t\t<div class=\"elementor-container elementor-column-gap-default\">\n\t\t\t\t\t<div class=\"elementor-column elementor-col-100 elementor-top-column elementor-element elementor-element-3132ac8\" data-id=\"3132ac8\" data-element_type=\"column\" data-e-type=\"column\">\n\t\t\t<div class=\"elementor-widget-wrap elementor-element-populated\">\n\t\t\t\t\t\t<div class=\"elementor-element elementor-element-aba3dff elementor-widget elementor-widget-ova_heading_page\" data-id=\"aba3dff\" data-element_type=\"widget\" data-e-type=\"widget\" data-widget_type=\"ova_heading_page.default\">\n\t\t\t\t<div class=\"elementor-widget-container\">\n\t\t\t\t\t\n\t\t<section class=\"heading-page\" style=\"background-image: url(https:\/\/museumunicipaldepalleja.cat\/wp-content\/uploads\/2023\/04\/qr-5-pintures-de-la-capella_web.jpg)\" >\n\t\t\t<div class=\"container\">\n\t\t\t\t<div class=\"cta-content\">\n\t\t\t\t\t\t\t\t\t\t\t<h2 class=\"second_font\">Els cups<\/h2>\n\t\t\t\t\t\t\t\t\t\t\n\t\t\t\t<\/div>\n\t\t\t<\/div>\n\t\t<\/section>\n\n\t\t\t\t\t<\/div>\n\t\t\t\t<\/div>\n\t\t\t\t\t<\/div>\n\t\t<\/div>\n\t\t\t\t\t<\/div>\n\t\t<\/section>\n\t\t\t\t<section class=\"elementor-section elementor-top-section elementor-element elementor-element-29948aa elementor-section-content-middle elementor-section-boxed elementor-section-height-default elementor-section-height-default\" data-id=\"29948aa\" data-element_type=\"section\" data-e-type=\"section\">\n\t\t\t\t\t\t<div class=\"elementor-container elementor-column-gap-default\">\n\t\t\t\t\t<div class=\"elementor-column elementor-col-33 elementor-top-column elementor-element elementor-element-b338b9d\" data-id=\"b338b9d\" data-element_type=\"column\" data-e-type=\"column\">\n\t\t\t<div class=\"elementor-widget-wrap\">\n\t\t\t\t\t\t\t<\/div>\n\t\t<\/div>\n\t\t\t\t<div class=\"elementor-column elementor-col-33 elementor-top-column elementor-element elementor-element-2dac893\" data-id=\"2dac893\" data-element_type=\"column\" data-e-type=\"column\">\n\t\t\t<div class=\"elementor-widget-wrap elementor-element-populated\">\n\t\t\t\t\t\t<div class=\"elementor-element elementor-element-6cf2cd1 elementor-widget__width-auto elementor-widget elementor-widget-avp-gallery\" data-id=\"6cf2cd1\" data-element_type=\"widget\" data-e-type=\"widget\" data-widget_type=\"avp-gallery.default\">\n\t\t\t\t<div class=\"elementor-widget-container\">\n\t\t\t\t\t<div id=\"ms_avp\" style=\"max-width:99%;box-sizing:border-box;margin-left:auto;margin-right:auto;margin-top:2px;width:292px;\"><audio id=\"codepeople_media_player1777717577341001\" width=\"292px\" height=\"52\" class=\"codepeople-media ball-skin\" preload=\"none\" style=\"max-width:99%;box-sizing:border-box;margin-left:auto;margin-right:auto;margin-top:2px;width:292px;\"><source src=\"\/\/museumunicipaldepalleja.cat\/wp-content\/uploads\/2019\/01\/Els-cups.mp3\" type=\"audio\/mp3\" \/><\/audio><ul id=\"codepeople_media_player1777717577341001-list\" class=\"no-playlist\" style=\"display:none;\"><li value=\"{&quot;source&quot;:[{&quot;src&quot;:&quot;\\\/\\\/museumunicipaldepalleja.cat\\\/wp-content\\\/uploads\\\/2019\\\/01\\\/Els-cups.mp3&quot;,&quot;type&quot;:&quot;audio\\\/mp3&quot;}],&quot;track&quot;:[]}\"><span class=\"cpmp-annotation\">Els cups<\/span><\/li><\/ul><noscript>audio-and-video-player require JavaScript<\/noscript><div style=\"clear:both;\"><\/div><\/div>\t\t\t\t<\/div>\n\t\t\t\t<\/div>\n\t\t\t\t\t<\/div>\n\t\t<\/div>\n\t\t\t\t<div class=\"elementor-column elementor-col-33 elementor-top-column elementor-element elementor-element-9c6dd14\" data-id=\"9c6dd14\" data-element_type=\"column\" data-e-type=\"column\">\n\t\t\t<div class=\"elementor-widget-wrap\">\n\t\t\t\t\t\t\t<\/div>\n\t\t<\/div>\n\t\t\t\t\t<\/div>\n\t\t<\/section>\n\t\t\t\t<section class=\"elementor-section elementor-top-section elementor-element elementor-element-ad621cf elementor-section-boxed elementor-section-height-default elementor-section-height-default\" data-id=\"ad621cf\" data-element_type=\"section\" data-e-type=\"section\">\n\t\t\t\t\t\t<div class=\"elementor-container elementor-column-gap-default\">\n\t\t\t\t\t<div class=\"elementor-column elementor-col-100 elementor-top-column elementor-element elementor-element-ad8bb23\" data-id=\"ad8bb23\" data-element_type=\"column\" data-e-type=\"column\">\n\t\t\t<div class=\"elementor-widget-wrap elementor-element-populated\">\n\t\t\t\t\t\t<div class=\"elementor-element elementor-element-86b05ec line-height-32 elementor-widget elementor-widget-text-editor\" data-id=\"86b05ec\" data-element_type=\"widget\" data-e-type=\"widget\" data-widget_type=\"text-editor.default\">\n\t\t\t\t<div class=\"elementor-widget-container\">\n\t\t\t\t\t\t\t\t\t<p>Pujant <strong>el tercer tram de l\u2019escala<\/strong>, <strong>a m\u00e0 dreta, trobem un petit arc, que se suposa que pertanyia a la fortificaci\u00f3 anterior<\/strong>, de dimensions m\u00e9s redu\u00efdes, datada ja al segle <span style=\"font-variant: small-caps;\">xii<\/span>. El fet que les pedres de l\u2019arc comencen a una altura superior al terra, abonen la hip\u00f2tesi que aquest era\u00a0el nivell de la primera edificaci\u00f3.<\/p><p>Quan passem l\u2019arc trobem <strong>dos cups de grans dimensions<\/strong>. Ens podem imaginar la quantitat de ra\u00efm que s\u2019hi trepitjava. Hi havia pagesos que estaven obligats a trepitjar el ra\u00efm en aquests cups.<\/p><p>En el tram de <strong>l\u2019escala dels cups que puja a la Biblioteca, trobem unes pintures a la paret, datades entre els segles <span style=\"font-variant: small-caps;\">xvii<\/span> i <span style=\"font-variant: small-caps;\">xviii<\/span><\/strong>, que podrien formar part de la decoraci\u00f3 d\u2019una capella.<\/p><p>Torneu cap a l\u2019escala principal.<\/p>\t\t\t\t\t\t\t\t<\/div>\n\t\t\t\t<\/div>\n\t\t\t\t<div class=\"elementor-element elementor-element-ac6f0e0 elementor-widget elementor-widget-spacer\" data-id=\"ac6f0e0\" data-element_type=\"widget\" data-e-type=\"widget\" data-widget_type=\"spacer.default\">\n\t\t\t\t<div class=\"elementor-widget-container\">\n\t\t\t\t\t\t\t<div class=\"elementor-spacer\">\n\t\t\t<div class=\"elementor-spacer-inner\"><\/div>\n\t\t<\/div>\n\t\t\t\t\t\t<\/div>\n\t\t\t\t<\/div>\n\t\t\t\t\t<\/div>\n\t\t<\/div>\n\t\t\t\t\t<\/div>\n\t\t<\/section>\n\t\t\t\t<section class=\"elementor-section elementor-top-section elementor-element elementor-element-91e6986 elementor-section-boxed elementor-section-height-default elementor-section-height-default\" data-id=\"91e6986\" data-element_type=\"section\" data-e-type=\"section\">\n\t\t\t\t\t\t<div class=\"elementor-container elementor-column-gap-default\">\n\t\t\t\t\t<div class=\"elementor-column elementor-col-50 elementor-top-column elementor-element elementor-element-da709e1\" data-id=\"da709e1\" data-element_type=\"column\" data-e-type=\"column\">\n\t\t\t<div class=\"elementor-widget-wrap elementor-element-populated\">\n\t\t\t\t\t\t<div class=\"elementor-element elementor-element-7924e42 elementor-widget elementor-widget-image\" data-id=\"7924e42\" data-element_type=\"widget\" data-e-type=\"widget\" data-widget_type=\"image.default\">\n\t\t\t\t<div class=\"elementor-widget-container\">\n\t\t\t\t\t\t\t\t\t\t\t\t<figure class=\"wp-caption\">\n\t\t\t\t\t\t\t\t\t\t<img fetchpriority=\"high\" decoding=\"async\" width=\"1024\" height=\"709\" src=\"https:\/\/museumunicipaldepalleja.cat\/wp-content\/uploads\/2023\/04\/qr-5-cups_web-1024x709.jpg\" class=\"attachment-large size-large wp-image-9904\" alt=\"\" srcset=\"https:\/\/museumunicipaldepalleja.cat\/wp-content\/uploads\/2023\/04\/qr-5-cups_web-1024x709.jpg 1024w, https:\/\/museumunicipaldepalleja.cat\/wp-content\/uploads\/2023\/04\/qr-5-cups_web-300x208.jpg 300w, https:\/\/museumunicipaldepalleja.cat\/wp-content\/uploads\/2023\/04\/qr-5-cups_web-768x532.jpg 768w, https:\/\/museumunicipaldepalleja.cat\/wp-content\/uploads\/2023\/04\/qr-5-cups_web.jpg 1220w\" sizes=\"(max-width: 1024px) 100vw, 1024px\" \/>\t\t\t\t\t\t\t\t\t\t\t<figcaption class=\"widget-image-caption wp-caption-text\">Cups<\/figcaption>\n\t\t\t\t\t\t\t\t\t\t<\/figure>\n\t\t\t\t\t\t\t\t\t<\/div>\n\t\t\t\t<\/div>\n\t\t\t\t\t<\/div>\n\t\t<\/div>\n\t\t\t\t<div class=\"elementor-column elementor-col-50 elementor-top-column elementor-element elementor-element-f362086\" data-id=\"f362086\" data-element_type=\"column\" data-e-type=\"column\">\n\t\t\t<div class=\"elementor-widget-wrap elementor-element-populated\">\n\t\t\t\t\t\t<div class=\"elementor-element elementor-element-30f9396 elementor-widget elementor-widget-image\" data-id=\"30f9396\" data-element_type=\"widget\" data-e-type=\"widget\" data-widget_type=\"image.default\">\n\t\t\t\t<div class=\"elementor-widget-container\">\n\t\t\t\t\t\t\t\t\t\t\t\t<figure class=\"wp-caption\">\n\t\t\t\t\t\t\t\t\t\t<img decoding=\"async\" width=\"576\" height=\"1024\" src=\"https:\/\/museumunicipaldepalleja.cat\/wp-content\/uploads\/2023\/04\/qr-5-arc-d_una-edificacio-anterior_web-576x1024.jpg\" class=\"attachment-large size-large wp-image-9905\" alt=\"\" srcset=\"https:\/\/museumunicipaldepalleja.cat\/wp-content\/uploads\/2023\/04\/qr-5-arc-d_una-edificacio-anterior_web-576x1024.jpg 576w, https:\/\/museumunicipaldepalleja.cat\/wp-content\/uploads\/2023\/04\/qr-5-arc-d_una-edificacio-anterior_web-169x300.jpg 169w, https:\/\/museumunicipaldepalleja.cat\/wp-content\/uploads\/2023\/04\/qr-5-arc-d_una-edificacio-anterior_web.jpg 686w\" sizes=\"(max-width: 576px) 100vw, 576px\" \/>\t\t\t\t\t\t\t\t\t\t\t<figcaption class=\"widget-image-caption wp-caption-text\">Arc d'una edificacio\u0301 anterior<\/figcaption>\n\t\t\t\t\t\t\t\t\t\t<\/figure>\n\t\t\t\t\t\t\t\t\t<\/div>\n\t\t\t\t<\/div>\n\t\t\t\t\t<\/div>\n\t\t<\/div>\n\t\t\t\t\t<\/div>\n\t\t<\/section>\n\t\t\t\t<\/div>\n\t\t","protected":false},"excerpt":{"rendered":"<p>Views: 88 Els cups Pujant el tercer tram de l\u2019escala, a m\u00e0 dreta, trobem un petit arc, que se suposa que pertanyia a la fortificaci\u00f3 anterior, de dimensions m\u00e9s redu\u00efdes, datada ja al segle xii. El fet que les pedres de l\u2019arc comencen a una altura superior al terra, abonen la hip\u00f2tesi que aquest era\u00a0el [&hellip;]<\/p>\n","protected":false},"author":1,"featured_media":0,"parent":0,"menu_order":0,"comment_status":"closed","ping_status":"closed","template":"elementor_canvas","meta":{"footnotes":""},"class_list":["post-9871","page","type-page","status-publish","hentry"],"_links":{"self":[{"href":"https:\/\/museumunicipaldepalleja.cat\/index.php\/wp-json\/wp\/v2\/pages\/9871","targetHints":{"allow":["GET"]}}],"collection":[{"href":"https:\/\/museumunicipaldepalleja.cat\/index.php\/wp-json\/wp\/v2\/pages"}],"about":[{"href":"https:\/\/museumunicipaldepalleja.cat\/index.php\/wp-json\/wp\/v2\/types\/page"}],"author":[{"embeddable":true,"href":"https:\/\/museumunicipaldepalleja.cat\/index.php\/wp-json\/wp\/v2\/users\/1"}],"replies":[{"embeddable":true,"href":"https:\/\/museumunicipaldepalleja.cat\/index.php\/wp-json\/wp\/v2\/comments?post=9871"}],"version-history":[{"count":34,"href":"https:\/\/museumunicipaldepalleja.cat\/index.php\/wp-json\/wp\/v2\/pages\/9871\/revisions"}],"predecessor-version":[{"id":9908,"href":"https:\/\/museumunicipaldepalleja.cat\/index.php\/wp-json\/wp\/v2\/pages\/9871\/revisions\/9908"}],"wp:attachment":[{"href":"https:\/\/museumunicipaldepalleja.cat\/index.php\/wp-json\/wp\/v2\/media?parent=9871"}],"curies":[{"name":"wp","href":"https:\/\/api.w.org\/{rel}","templated":true}]}}