{"id":8820,"date":"2021-07-06T11:03:47","date_gmt":"2021-07-06T09:03:47","guid":{"rendered":"http:\/\/museumunicipaldepalleja.cat\/?page_id=8820"},"modified":"2021-07-08T10:29:05","modified_gmt":"2021-07-08T08:29:05","slug":"publicacions-del-museu","status":"publish","type":"page","link":"https:\/\/museumunicipaldepalleja.cat\/index.php\/publicacions-del-museu\/","title":{"rendered":"Publicacions"},"content":{"rendered":"<p>Views: 162<\/p>\t\t<div data-elementor-type=\"wp-page\" data-elementor-id=\"8820\" class=\"elementor elementor-8820\">\n\t\t\t\t\t\t<section class=\"elementor-section elementor-top-section elementor-element elementor-element-eec1fd8 elementor-section-boxed elementor-section-height-default elementor-section-height-default\" data-id=\"eec1fd8\" data-element_type=\"section\" data-e-type=\"section\">\n\t\t\t\t\t\t<div class=\"elementor-container elementor-column-gap-default\">\n\t\t\t\t\t<div class=\"elementor-column elementor-col-100 elementor-top-column elementor-element elementor-element-5750b9f\" data-id=\"5750b9f\" data-element_type=\"column\" data-e-type=\"column\">\n\t\t\t<div class=\"elementor-widget-wrap elementor-element-populated\">\n\t\t\t\t\t\t<div class=\"elementor-element elementor-element-7775e42 elementor-widget elementor-widget-ova_heading\" data-id=\"7775e42\" data-element_type=\"widget\" data-e-type=\"widget\" data-widget_type=\"ova_heading.default\">\n\t\t\t\t<div class=\"elementor-widget-container\">\n\t\t\t\t\t\t\t<div class=\"ova_heading\">\n\t\t\t\t\t\t\t<h1 class=\"heading_title second_font\">Publicacions<\/h1>\n\t\t\t\t\t\t\t\t\t\t<h2 class=\"sub_title second_font\">En aquesta p\u00e0gina podeu enlla\u00e7ar amb els nostres butlletins i la bibliografia relacionada amb el poble de Pallej\u00e0.<\/h2>\n\t\t\t\t\t<\/div>\n\t\t\t\t\t\t<\/div>\n\t\t\t\t<\/div>\n\t\t\t\t\t<\/div>\n\t\t<\/div>\n\t\t\t\t\t<\/div>\n\t\t<\/section>\n\t\t\t\t<section class=\"elementor-section elementor-top-section elementor-element elementor-element-e32634f elementor-section-boxed elementor-section-height-default elementor-section-height-default\" data-id=\"e32634f\" data-element_type=\"section\" data-e-type=\"section\">\n\t\t\t\t\t\t<div class=\"elementor-container elementor-column-gap-default\">\n\t\t\t\t\t<div class=\"elementor-column elementor-col-100 elementor-top-column elementor-element elementor-element-7e029d8\" data-id=\"7e029d8\" data-element_type=\"column\" data-e-type=\"column\">\n\t\t\t<div class=\"elementor-widget-wrap elementor-element-populated\">\n\t\t\t\t\t\t<div class=\"elementor-element elementor-element-97c7aea elementor-align-center elementor-widget elementor-widget-button\" data-id=\"97c7aea\" data-element_type=\"widget\" data-e-type=\"widget\" data-widget_type=\"button.default\">\n\t\t\t\t<div class=\"elementor-widget-container\">\n\t\t\t\t\t\t\t\t\t<div class=\"elementor-button-wrapper\">\n\t\t\t\t\t<a class=\"elementor-button elementor-button-link elementor-size-sm\" href=\"https:\/\/museumunicipaldepalleja.cat\/index.php\/publicacions\/\">\n\t\t\t\t\t\t<span class=\"elementor-button-content-wrapper\">\n\t\t\t\t\t\t<span class=\"elementor-button-icon\">\n\t\t\t\t<i aria-hidden=\"true\" class=\"far fa-arrow-alt-circle-right\"><\/i>\t\t\t<\/span>\n\t\t\t\t\t\t\t\t\t<span class=\"elementor-button-text\">Anar als butlletins<\/span>\n\t\t\t\t\t<\/span>\n\t\t\t\t\t<\/a>\n\t\t\t\t<\/div>\n\t\t\t\t\t\t\t\t<\/div>\n\t\t\t\t<\/div>\n\t\t\t\t<div class=\"elementor-element elementor-element-3feaacf elementor-align-center elementor-widget elementor-widget-button\" data-id=\"3feaacf\" data-element_type=\"widget\" data-e-type=\"widget\" data-widget_type=\"button.default\">\n\t\t\t\t<div class=\"elementor-widget-container\">\n\t\t\t\t\t\t\t\t\t<div class=\"elementor-button-wrapper\">\n\t\t\t\t\t<a class=\"elementor-button elementor-button-link elementor-size-sm\" href=\"https:\/\/museumunicipaldepalleja.cat\/index.php\/bibliografia-sobre-palleja\/\">\n\t\t\t\t\t\t<span class=\"elementor-button-content-wrapper\">\n\t\t\t\t\t\t<span class=\"elementor-button-icon\">\n\t\t\t\t<i aria-hidden=\"true\" class=\"far fa-arrow-alt-circle-right\"><\/i>\t\t\t<\/span>\n\t\t\t\t\t\t\t\t\t<span class=\"elementor-button-text\">Anar a la bibliografia<\/span>\n\t\t\t\t\t<\/span>\n\t\t\t\t\t<\/a>\n\t\t\t\t<\/div>\n\t\t\t\t\t\t\t\t<\/div>\n\t\t\t\t<\/div>\n\t\t\t\t\t<\/div>\n\t\t<\/div>\n\t\t\t\t\t<\/div>\n\t\t<\/section>\n\t\t\t\t<\/div>\n\t\t","protected":false},"excerpt":{"rendered":"<p>Views: 162 Publicacions En aquesta p\u00e0gina podeu enlla\u00e7ar amb els nostres butlletins i la bibliografia relacionada amb el poble de Pallej\u00e0. Anar als butlletins Anar a la bibliografia<\/p>\n","protected":false},"author":1,"featured_media":0,"parent":0,"menu_order":0,"comment_status":"closed","ping_status":"closed","template":"elementor_header_footer","meta":{"footnotes":""},"class_list":["post-8820","page","type-page","status-publish","hentry"],"_links":{"self":[{"href":"https:\/\/museumunicipaldepalleja.cat\/index.php\/wp-json\/wp\/v2\/pages\/8820","targetHints":{"allow":["GET"]}}],"collection":[{"href":"https:\/\/museumunicipaldepalleja.cat\/index.php\/wp-json\/wp\/v2\/pages"}],"about":[{"href":"https:\/\/museumunicipaldepalleja.cat\/index.php\/wp-json\/wp\/v2\/types\/page"}],"author":[{"embeddable":true,"href":"https:\/\/museumunicipaldepalleja.cat\/index.php\/wp-json\/wp\/v2\/users\/1"}],"replies":[{"embeddable":true,"href":"https:\/\/museumunicipaldepalleja.cat\/index.php\/wp-json\/wp\/v2\/comments?post=8820"}],"version-history":[{"count":29,"href":"https:\/\/museumunicipaldepalleja.cat\/index.php\/wp-json\/wp\/v2\/pages\/8820\/revisions"}],"predecessor-version":[{"id":9075,"href":"https:\/\/museumunicipaldepalleja.cat\/index.php\/wp-json\/wp\/v2\/pages\/8820\/revisions\/9075"}],"wp:attachment":[{"href":"https:\/\/museumunicipaldepalleja.cat\/index.php\/wp-json\/wp\/v2\/media?parent=8820"}],"curies":[{"name":"wp","href":"https:\/\/api.w.org\/{rel}","templated":true}]}}