{"id":5886,"date":"2021-02-08T15:58:24","date_gmt":"2021-02-08T14:58:24","guid":{"rendered":"http:\/\/museumunicipaldepalleja.cat\/?page_id=5886"},"modified":"2021-07-01T09:46:00","modified_gmt":"2021-07-01T07:46:00","slug":"planta-baixa","status":"publish","type":"page","link":"https:\/\/museumunicipaldepalleja.cat\/index.php\/planta-baixa\/","title":{"rendered":"Planta baixa"},"content":{"rendered":"<p>Views: 136<\/p>\t\t<div data-elementor-type=\"wp-page\" data-elementor-id=\"5886\" class=\"elementor elementor-5886\">\n\t\t\t\t\t\t<section class=\"elementor-section elementor-top-section elementor-element elementor-element-8b3b5f3 elementor-section-full_width elementor-section-height-default elementor-section-height-default\" data-id=\"8b3b5f3\" data-element_type=\"section\" data-e-type=\"section\">\n\t\t\t\t\t\t<div class=\"elementor-container elementor-column-gap-default\">\n\t\t\t\t\t<div class=\"elementor-column elementor-col-100 elementor-top-column elementor-element elementor-element-15829a8\" data-id=\"15829a8\" data-element_type=\"column\" data-e-type=\"column\">\n\t\t\t<div class=\"elementor-widget-wrap elementor-element-populated\">\n\t\t\t\t\t\t<div class=\"elementor-element elementor-element-ec10ace elementor-widget elementor-widget-ova_heading_page\" data-id=\"ec10ace\" data-element_type=\"widget\" data-e-type=\"widget\" data-widget_type=\"ova_heading_page.default\">\n\t\t\t\t<div class=\"elementor-widget-container\">\n\t\t\t\t\t\n\t\t<section class=\"heading-page\" style=\"background-image: url(https:\/\/museumunicipaldepalleja.cat\/wp-content\/uploads\/2021\/02\/menjador_web.jpg)\" >\n\t\t\t<div class=\"container\">\n\t\t\t\t<div class=\"cta-content\">\n\t\t\t\t\t\t\t\t\t\t\t<h2 class=\"second_font\">La masia Museu<\/h2>\n\t\t\t\t\t\t\t\t\t\t\n\t\t\t\t<\/div>\n\t\t\t<\/div>\n\t\t<\/section>\n\n\t\t\t\t\t<\/div>\n\t\t\t\t<\/div>\n\t\t\t\t\t<\/div>\n\t\t<\/div>\n\t\t\t\t\t<\/div>\n\t\t<\/section>\n\t\t\t\t<section class=\"elementor-section elementor-top-section elementor-element elementor-element-d9eeb4b elementor-section-boxed elementor-section-height-default elementor-section-height-default\" data-id=\"d9eeb4b\" data-element_type=\"section\" data-e-type=\"section\">\n\t\t\t\t\t\t<div class=\"elementor-container elementor-column-gap-default\">\n\t\t\t\t\t<div class=\"elementor-column elementor-col-100 elementor-top-column elementor-element elementor-element-a745e64\" data-id=\"a745e64\" data-element_type=\"column\" data-e-type=\"column\">\n\t\t\t<div class=\"elementor-widget-wrap elementor-element-populated\">\n\t\t\t\t\t\t<div class=\"elementor-element elementor-element-77204a1 elementor-widget elementor-widget-ova_heading\" data-id=\"77204a1\" data-element_type=\"widget\" data-e-type=\"widget\" data-widget_type=\"ova_heading.default\">\n\t\t\t\t<div class=\"elementor-widget-container\">\n\t\t\t\t\t\t\t<div class=\"ova_heading\">\n\t\t\t\t\t\t\t<h1 class=\"heading_title second_font\">Planta baixa<\/h1>\n\t\t\t\t\t\t\t\t<\/div>\n\t\t\t\t\t\t<\/div>\n\t\t\t\t<\/div>\n\t\t\t\t<div class=\"elementor-element elementor-element-1a910ee elementor-widget elementor-widget-text-editor\" data-id=\"1a910ee\" data-element_type=\"widget\" data-e-type=\"widget\" data-widget_type=\"text-editor.default\">\n\t\t\t\t<div class=\"elementor-widget-container\">\n\t\t\t\t\t\t\t\t\t<h6>Menjador de la primeria del segle <span style=\"font-variant: small-caps;\">xx<\/span><\/h6><p>Menjador antic amb mobles refinats, propis d\u2019una \u00e8poca de prosperitat, potser al voltant de l\u2019any 1920, quan la producci\u00f3 de fruita i hortalissa era important.<\/p><p>Es conserven l\u2019armari i l\u2019escriptori encastats originals, i tamb\u00e9 la capelleta (la imatge no \u00e9s l\u2019original) i un rentamans de cer\u00e0mica vidrada.<\/p><p>A m\u00e9s de la recreaci\u00f3 del que va ser el menjador de la masia, la sala presenta objectes diversos del fons del museu.<\/p>\t\t\t\t\t\t\t\t<\/div>\n\t\t\t\t<\/div>\n\t\t\t\t\t<\/div>\n\t\t<\/div>\n\t\t\t\t\t<\/div>\n\t\t<\/section>\n\t\t\t\t<section class=\"elementor-section elementor-top-section elementor-element elementor-element-ee7a15a elementor-section-boxed elementor-section-height-default elementor-section-height-default\" data-id=\"ee7a15a\" data-element_type=\"section\" data-e-type=\"section\">\n\t\t\t\t\t\t<div class=\"elementor-container elementor-column-gap-default\">\n\t\t\t\t\t<div class=\"elementor-column elementor-col-100 elementor-top-column elementor-element elementor-element-a39da7e\" data-id=\"a39da7e\" data-element_type=\"column\" data-e-type=\"column\">\n\t\t\t<div class=\"elementor-widget-wrap elementor-element-populated\">\n\t\t\t\t\t\t<div class=\"elementor-element elementor-element-39d952e elementor-widget elementor-widget-image\" data-id=\"39d952e\" data-element_type=\"widget\" data-e-type=\"widget\" data-widget_type=\"image.default\">\n\t\t\t\t<div class=\"elementor-widget-container\">\n\t\t\t\t\t\t\t\t\t\t\t\t\t\t\t<img fetchpriority=\"high\" decoding=\"async\" width=\"768\" height=\"576\" src=\"https:\/\/museumunicipaldepalleja.cat\/wp-content\/uploads\/2021\/02\/menjador_web-768x576.jpg\" class=\"attachment-medium_large size-medium_large wp-image-5897\" alt=\"\" srcset=\"https:\/\/museumunicipaldepalleja.cat\/wp-content\/uploads\/2021\/02\/menjador_web-768x576.jpg 768w, https:\/\/museumunicipaldepalleja.cat\/wp-content\/uploads\/2021\/02\/menjador_web-300x225.jpg 300w, https:\/\/museumunicipaldepalleja.cat\/wp-content\/uploads\/2021\/02\/menjador_web-600x450.jpg 600w, https:\/\/museumunicipaldepalleja.cat\/wp-content\/uploads\/2021\/02\/menjador_web.jpg 945w\" sizes=\"(max-width: 768px) 100vw, 768px\" \/>\t\t\t\t\t\t\t\t\t\t\t\t\t\t\t<\/div>\n\t\t\t\t<\/div>\n\t\t\t\t\t<\/div>\n\t\t<\/div>\n\t\t\t\t\t<\/div>\n\t\t<\/section>\n\t\t\t\t<section class=\"elementor-section elementor-top-section elementor-element elementor-element-be8f8e0 elementor-section-boxed elementor-section-height-default elementor-section-height-default\" data-id=\"be8f8e0\" data-element_type=\"section\" data-e-type=\"section\">\n\t\t\t\t\t\t<div class=\"elementor-container elementor-column-gap-default\">\n\t\t\t\t\t<div class=\"elementor-column elementor-col-100 elementor-top-column elementor-element elementor-element-1fffae6\" data-id=\"1fffae6\" data-element_type=\"column\" data-e-type=\"column\">\n\t\t\t<div class=\"elementor-widget-wrap elementor-element-populated\">\n\t\t\t\t\t\t<div class=\"elementor-element elementor-element-3e3ec33 elementor-widget elementor-widget-text-editor\" data-id=\"3e3ec33\" data-element_type=\"widget\" data-e-type=\"widget\" data-widget_type=\"text-editor.default\">\n\t\t\t\t<div class=\"elementor-widget-container\">\n\t\t\t\t\t\t\t\t\t<h6 style=\"margin-bottom: 1.47368em; line-height: 1.10526; color: #a6631b;\">Antiga cuina<\/h6>\n<p style=\"font-family: Lora, sans-serif; font-size: 22px; letter-spacing: 0.2px;\">Reflecteix diverses \u00e8poques. D\u2019una primera \u00e8poca s\u00f3n:<\/p>\n\n<ul style=\"color: #7C2629; font-family: Lora, sans-serif; font-size: 22px; letter-spacing: 0.2px;\">\n \t<li>La biga de la campana de la llar de foc, datada el 18 de gener del 1727.<\/li>\n \t<li>Els quatre armaris encastats, amb les rajoles de l\u2019inici del segle\u00a0<span style=\"font-variant-numeric: normal; font-variant-east-asian: normal; font-variant-caps: small-caps;\">xix<\/span>.<\/li>\n \t<li>El forn de coure el pa i la llar de foc.<\/li>\n<\/ul>\n<p style=\"font-family: Lora, sans-serif; font-size: 22px; letter-spacing: 0.2px;\">El conjunt de taulells de la cuina, els fogons i les rajoles s\u00f3n d\u2019una \u00e8poca posterior.<\/p>\t\t\t\t\t\t\t\t<\/div>\n\t\t\t\t<\/div>\n\t\t\t\t\t<\/div>\n\t\t<\/div>\n\t\t\t\t\t<\/div>\n\t\t<\/section>\n\t\t\t\t<section class=\"elementor-section elementor-top-section elementor-element elementor-element-5dbb020 elementor-section-boxed elementor-section-height-default elementor-section-height-default\" data-id=\"5dbb020\" data-element_type=\"section\" data-e-type=\"section\">\n\t\t\t\t\t\t<div class=\"elementor-container elementor-column-gap-default\">\n\t\t\t\t\t<div class=\"elementor-column elementor-col-100 elementor-top-column elementor-element elementor-element-1cfac3e\" data-id=\"1cfac3e\" data-element_type=\"column\" data-e-type=\"column\">\n\t\t\t<div class=\"elementor-widget-wrap elementor-element-populated\">\n\t\t\t\t\t\t<div class=\"elementor-element elementor-element-5145062 elementor-widget elementor-widget-image\" data-id=\"5145062\" data-element_type=\"widget\" data-e-type=\"widget\" data-widget_type=\"image.default\">\n\t\t\t\t<div class=\"elementor-widget-container\">\n\t\t\t\t\t\t\t\t\t\t\t\t\t\t\t<img decoding=\"async\" width=\"768\" height=\"576\" src=\"https:\/\/museumunicipaldepalleja.cat\/wp-content\/uploads\/2021\/02\/cuina_web-768x576.jpg\" class=\"attachment-medium_large size-medium_large wp-image-5699\" alt=\"\" srcset=\"https:\/\/museumunicipaldepalleja.cat\/wp-content\/uploads\/2021\/02\/cuina_web-768x576.jpg 768w, https:\/\/museumunicipaldepalleja.cat\/wp-content\/uploads\/2021\/02\/cuina_web-300x225.jpg 300w, https:\/\/museumunicipaldepalleja.cat\/wp-content\/uploads\/2021\/02\/cuina_web-600x450.jpg 600w, https:\/\/museumunicipaldepalleja.cat\/wp-content\/uploads\/2021\/02\/cuina_web.jpg 945w\" sizes=\"(max-width: 768px) 100vw, 768px\" \/>\t\t\t\t\t\t\t\t\t\t\t\t\t\t\t<\/div>\n\t\t\t\t<\/div>\n\t\t\t\t\t<\/div>\n\t\t<\/div>\n\t\t\t\t\t<\/div>\n\t\t<\/section>\n\t\t\t\t<section class=\"elementor-section elementor-top-section elementor-element elementor-element-93c5fd6 elementor-section-boxed elementor-section-height-default elementor-section-height-default\" data-id=\"93c5fd6\" data-element_type=\"section\" data-e-type=\"section\">\n\t\t\t\t\t\t<div class=\"elementor-container elementor-column-gap-default\">\n\t\t\t\t\t<div class=\"elementor-column elementor-col-100 elementor-top-column elementor-element elementor-element-dea644e\" data-id=\"dea644e\" data-element_type=\"column\" data-e-type=\"column\">\n\t\t\t<div class=\"elementor-widget-wrap elementor-element-populated\">\n\t\t\t\t\t\t<div class=\"elementor-element elementor-element-46fb3a1 elementor-widget elementor-widget-text-editor\" data-id=\"46fb3a1\" data-element_type=\"widget\" data-e-type=\"widget\" data-widget_type=\"text-editor.default\">\n\t\t\t\t<div class=\"elementor-widget-container\">\n\t\t\t\t\t\t\t\t\t<h6 style=\"margin-bottom: 1.47368em; line-height: 1.10526; color: #a6631b;\">Celler<\/h6><p style=\"letter-spacing: 0.2px; font-family: Lora, sans-serif; font-size: 22px;\">Aquesta sala ocupa el lloc de l\u2019antic celler de la casa i mostra, principalment, eines diverses. La reproducci\u00f3 de l\u2019espai s\u2019ha fet basant-se en l\u2019agricultura que ha destacat a Pallej\u00e0 al llarg dels segles: els cereals (blat, mestall, ordi i civada), la vinya i la producci\u00f3 de vi (des de final segle\u00a0<span style=\"font-variant-numeric: normal; font-variant-east-asian: normal; font-variant-caps: small-caps;\">xviii<\/span>\u00a0fins a mitjan segle\u00a0<span style=\"font-variant-numeric: normal; font-variant-east-asian: normal; font-variant-caps: small-caps;\">xx<\/span>); ocupen tamb\u00e9 una part de la sala els conreus de regadiu (fruites i hortalisses), que han perdurat fins als nostres dies.<\/p><p style=\"letter-spacing: 0.2px; font-family: Lora, sans-serif; font-size: 22px;\">Tamb\u00e9 s\u2019hi exposen estris relacionats amb la producci\u00f3 d\u2019oli. La fam\u00edlia Albareda tamb\u00e9 tenia un mol\u00ed d\u2019oli.<\/p>\t\t\t\t\t\t\t\t<\/div>\n\t\t\t\t<\/div>\n\t\t\t\t\t<\/div>\n\t\t<\/div>\n\t\t\t\t\t<\/div>\n\t\t<\/section>\n\t\t\t\t<section class=\"elementor-section elementor-top-section elementor-element elementor-element-6684808 elementor-section-boxed elementor-section-height-default elementor-section-height-default\" data-id=\"6684808\" data-element_type=\"section\" data-e-type=\"section\">\n\t\t\t\t\t\t<div class=\"elementor-container elementor-column-gap-default\">\n\t\t\t\t\t<div class=\"elementor-column elementor-col-100 elementor-top-column elementor-element elementor-element-427e215\" data-id=\"427e215\" data-element_type=\"column\" data-e-type=\"column\">\n\t\t\t<div class=\"elementor-widget-wrap elementor-element-populated\">\n\t\t\t\t\t\t<div class=\"elementor-element elementor-element-2298320 elementor-widget elementor-widget-image\" data-id=\"2298320\" data-element_type=\"widget\" data-e-type=\"widget\" data-widget_type=\"image.default\">\n\t\t\t\t<div class=\"elementor-widget-container\">\n\t\t\t\t\t\t\t\t\t\t\t\t\t\t\t<img decoding=\"async\" width=\"768\" height=\"1024\" src=\"https:\/\/museumunicipaldepalleja.cat\/wp-content\/uploads\/2021\/02\/celler_premsa_web-768x1024.jpg\" class=\"attachment-medium_large size-medium_large wp-image-5976\" alt=\"\" srcset=\"https:\/\/museumunicipaldepalleja.cat\/wp-content\/uploads\/2021\/02\/celler_premsa_web-768x1024.jpg 768w, https:\/\/museumunicipaldepalleja.cat\/wp-content\/uploads\/2021\/02\/celler_premsa_web-225x300.jpg 225w, https:\/\/museumunicipaldepalleja.cat\/wp-content\/uploads\/2021\/02\/celler_premsa_web-600x800.jpg 600w, https:\/\/museumunicipaldepalleja.cat\/wp-content\/uploads\/2021\/02\/celler_premsa_web.jpg 960w\" sizes=\"(max-width: 768px) 100vw, 768px\" \/>\t\t\t\t\t\t\t\t\t\t\t\t\t\t\t<\/div>\n\t\t\t\t<\/div>\n\t\t\t\t\t<\/div>\n\t\t<\/div>\n\t\t\t\t\t<\/div>\n\t\t<\/section>\n\t\t\t\t<\/div>\n\t\t","protected":false},"excerpt":{"rendered":"<p>Views: 136 La masia Museu Planta baixa Menjador de la primeria del segle xx Menjador antic amb mobles refinats, propis d\u2019una \u00e8poca de prosperitat, potser al voltant de l\u2019any 1920, quan la producci\u00f3 de fruita i hortalissa era important. Es conserven l\u2019armari i l\u2019escriptori encastats originals, i tamb\u00e9 la capelleta (la imatge no \u00e9s l\u2019original) [&hellip;]<\/p>\n","protected":false},"author":1,"featured_media":0,"parent":0,"menu_order":0,"comment_status":"closed","ping_status":"closed","template":"elementor_header_footer","meta":{"footnotes":""},"class_list":["post-5886","page","type-page","status-publish","hentry"],"_links":{"self":[{"href":"https:\/\/museumunicipaldepalleja.cat\/index.php\/wp-json\/wp\/v2\/pages\/5886","targetHints":{"allow":["GET"]}}],"collection":[{"href":"https:\/\/museumunicipaldepalleja.cat\/index.php\/wp-json\/wp\/v2\/pages"}],"about":[{"href":"https:\/\/museumunicipaldepalleja.cat\/index.php\/wp-json\/wp\/v2\/types\/page"}],"author":[{"embeddable":true,"href":"https:\/\/museumunicipaldepalleja.cat\/index.php\/wp-json\/wp\/v2\/users\/1"}],"replies":[{"embeddable":true,"href":"https:\/\/museumunicipaldepalleja.cat\/index.php\/wp-json\/wp\/v2\/comments?post=5886"}],"version-history":[{"count":140,"href":"https:\/\/museumunicipaldepalleja.cat\/index.php\/wp-json\/wp\/v2\/pages\/5886\/revisions"}],"predecessor-version":[{"id":8662,"href":"https:\/\/museumunicipaldepalleja.cat\/index.php\/wp-json\/wp\/v2\/pages\/5886\/revisions\/8662"}],"wp:attachment":[{"href":"https:\/\/museumunicipaldepalleja.cat\/index.php\/wp-json\/wp\/v2\/media?parent=5886"}],"curies":[{"name":"wp","href":"https:\/\/api.w.org\/{rel}","templated":true}]}}